{"id":5828,"date":"2026-03-13T19:10:19","date_gmt":"2026-03-13T18:10:19","guid":{"rendered":"https:\/\/amaelle.life\/?page_id=5828"},"modified":"2026-03-23T00:01:09","modified_gmt":"2026-03-22T23:01:09","slug":"support","status":"publish","type":"page","link":"https:\/\/amaelle.life\/en\/support\/","title":{"rendered":"Support"},"content":{"rendered":"<div data-elementor-type=\"wp-page\" data-elementor-id=\"5828\" class=\"elementor elementor-5828\" data-elementor-post-type=\"page\">\n\t\t\t\t<div class=\"elementor-element elementor-element-f6ad8ef e-flex e-con-boxed e-con e-parent\" data-id=\"f6ad8ef\" data-element_type=\"container\" data-e-type=\"container\">\n\t\t\t\t\t<div class=\"e-con-inner\">\n\t\t\t\t<div class=\"elementor-element elementor-element-f556532 elementor-widget elementor-widget-html\" data-id=\"f556532\" data-element_type=\"widget\" data-e-type=\"widget\" data-widget_type=\"html.default\">\n\t\t\t\t<div class=\"elementor-widget-container\">\n\t\t\t\t\t<div class=\"amaelle-nav\">\n<a href=\"javascript:history.back()\">\u2190 Back<\/a>\n<a href=\"javascript:history.forward()\">Next \u2192<\/a>\n<\/div>\t\t\t\t<\/div>\n\t\t\t\t<\/div>\n\t\t<div class=\"elementor-element elementor-element-e24c940 e-con-full e-flex e-con e-child\" data-id=\"e24c940\" data-element_type=\"container\" data-e-type=\"container\">\n\t\t\t\t<div class=\"elementor-element elementor-element-d568f57 elementor-widget elementor-widget-heading\" data-id=\"d568f57\" data-element_type=\"widget\" data-e-type=\"widget\" data-widget_type=\"heading.default\">\n\t\t\t\t<div class=\"elementor-widget-container\">\n\t\t\t\t\t<h1 class=\"elementor-heading-title elementor-size-default\">Support Amaelle life<\/h1>\t\t\t\t<\/div>\n\t\t\t\t<\/div>\n\t\t\t\t<\/div>\n\t\t\t\t\t<\/div>\n\t\t\t\t<\/div>\n\t\t<div class=\"elementor-element elementor-element-2d525420 e-flex e-con-boxed e-con e-parent\" data-id=\"2d525420\" data-element_type=\"container\" data-e-type=\"container\">\n\t\t\t\t\t<div class=\"e-con-inner\">\n\t\t<div class=\"elementor-element elementor-element-872c739 e-con-full e-flex e-con e-child\" data-id=\"872c739\" data-element_type=\"container\" data-e-type=\"container\">\n\t\t<div class=\"elementor-element elementor-element-af58bd5 e-con-full e-flex e-con e-child\" data-id=\"af58bd5\" data-element_type=\"container\" data-e-type=\"container\">\n\t\t\t\t<div class=\"elementor-element elementor-element-f551461 elementor-widget elementor-widget-text-editor\" data-id=\"f551461\" data-element_type=\"widget\" data-e-type=\"widget\" data-widget_type=\"text-editor.default\">\n\t\t\t\t<div class=\"elementor-widget-container\">\n\t\t\t\t\t\t\t\t\t<p>Amaelle Life is my creative universe online \u2013<\/p><p>with dog life, recipes, guides, ideas, technology, creativity and small everyday adventures.<\/p><p>Everything I share here takes time to create.<\/p><p>If you like the content and want Amaelle Life to continue growing, you can support the work here.<\/p><p>It&#039;s completely voluntary \u2013 but every small gesture means a lot.<\/p>\t\t\t\t\t\t\t\t<\/div>\n\t\t\t\t<\/div>\n\t\t\t\t<\/div>\n\t\t<div class=\"elementor-element elementor-element-2f041f9 e-con-full e-flex e-con e-child\" data-id=\"2f041f9\" data-element_type=\"container\" data-e-type=\"container\">\n\t\t\t\t<div class=\"elementor-element elementor-element-91e125b elementor-widget elementor-widget-image\" data-id=\"91e125b\" data-element_type=\"widget\" data-e-type=\"widget\" data-widget_type=\"image.default\">\n\t\t\t\t<div class=\"elementor-widget-container\">\n\t\t\t\t\t\t\t\t\t\t\t\t\t\t\t<img decoding=\"async\" width=\"150\" height=\"150\" src=\"https:\/\/amaelle.life\/wp-content\/uploads\/2026\/03\/En-kopp-te-i-glas-pa-ett-bord.-Isolerad-tekopp.-En-kopp-te-i-ett-glas-sittande-livsstil-vid-ett-bord.-glow-150x150.jpeg\" class=\"attachment-thumbnail size-thumbnail wp-image-5886\" alt=\"\" srcset=\"https:\/\/amaelle.life\/wp-content\/uploads\/2026\/03\/En-kopp-te-i-glas-pa-ett-bord.-Isolerad-tekopp.-En-kopp-te-i-ett-glas-sittande-livsstil-vid-ett-bord.-glow-150x150.jpeg 150w, https:\/\/amaelle.life\/wp-content\/uploads\/2026\/03\/En-kopp-te-i-glas-pa-ett-bord.-Isolerad-tekopp.-En-kopp-te-i-ett-glas-sittande-livsstil-vid-ett-bord.-glow-300x300.jpeg 300w, https:\/\/amaelle.life\/wp-content\/uploads\/2026\/03\/En-kopp-te-i-glas-pa-ett-bord.-Isolerad-tekopp.-En-kopp-te-i-ett-glas-sittande-livsstil-vid-ett-bord.-glow-100x100.jpeg 100w\" sizes=\"(max-width: 150px) 100vw, 150px\" \/>\t\t\t\t\t\t\t\t\t\t\t\t\t\t\t<\/div>\n\t\t\t\t<\/div>\n\t\t\t\t<div class=\"elementor-element elementor-element-9f842e0 elementor-widget elementor-widget-text-editor\" data-id=\"9f842e0\" data-element_type=\"widget\" data-e-type=\"widget\" data-widget_type=\"text-editor.default\">\n\t\t\t\t<div class=\"elementor-widget-container\">\n\t\t\t\t\t\t\t\t\t<p>A small cup of tea while I continue.<\/p>\t\t\t\t\t\t\t\t<\/div>\n\t\t\t\t<\/div>\n\t\t\t\t<div class=\"elementor-element elementor-element-7eb15a4 elementor-align-center elementor-widget__width-initial elementor-widget elementor-widget-button\" data-id=\"7eb15a4\" data-element_type=\"widget\" data-e-type=\"widget\" data-widget_type=\"button.default\">\n\t\t\t\t<div class=\"elementor-widget-container\">\n\t\t\t\t\t\t\t\t\t<div class=\"elementor-button-wrapper\">\n\t\t\t\t\t<a class=\"elementor-button elementor-button-link elementor-size-sm elementor-animation-grow\" href=\"https:\/\/amaelle.life\/en\/support\/a-lovely-cup-of-tea\/\">\n\t\t\t\t\t\t<span class=\"elementor-button-content-wrapper\">\n\t\t\t\t\t\t\t\t\t<span class=\"elementor-button-text\">29 kr<\/span>\n\t\t\t\t\t<\/span>\n\t\t\t\t\t<\/a>\n\t\t\t\t<\/div>\n\t\t\t\t\t\t\t\t<\/div>\n\t\t\t\t<\/div>\n\t\t\t\t<\/div>\n\t\t<div class=\"elementor-element elementor-element-7f7af2e e-con-full e-flex e-con e-child\" data-id=\"7f7af2e\" data-element_type=\"container\" data-e-type=\"container\">\n\t\t\t\t<div class=\"elementor-element elementor-element-505c353 elementor-widget elementor-widget-image\" data-id=\"505c353\" data-element_type=\"widget\" data-e-type=\"widget\" data-widget_type=\"image.default\">\n\t\t\t\t<div class=\"elementor-widget-container\">\n\t\t\t\t\t\t\t\t\t\t\t\t\t\t\t<img decoding=\"async\" width=\"150\" height=\"150\" src=\"https:\/\/amaelle.life\/wp-content\/uploads\/2026\/03\/IMG_1869-150x150.jpeg\" class=\"attachment-thumbnail size-thumbnail wp-image-5880\" alt=\"\" srcset=\"https:\/\/amaelle.life\/wp-content\/uploads\/2026\/03\/IMG_1869-150x150.jpeg 150w, https:\/\/amaelle.life\/wp-content\/uploads\/2026\/03\/IMG_1869-300x300.jpeg 300w, https:\/\/amaelle.life\/wp-content\/uploads\/2026\/03\/IMG_1869-100x100.jpeg 100w\" sizes=\"(max-width: 150px) 100vw, 150px\" \/>\t\t\t\t\t\t\t\t\t\t\t\t\t\t\t<\/div>\n\t\t\t\t<\/div>\n\t\t\t\t<div class=\"elementor-element elementor-element-e62d256 elementor-widget elementor-widget-text-editor\" data-id=\"e62d256\" data-element_type=\"widget\" data-e-type=\"widget\" data-widget_type=\"text-editor.default\">\n\t\t\t\t<div class=\"elementor-widget-container\">\n\t\t\t\t\t\t\t\t\t<p>You help Amaelle Life grow further.<\/p>\t\t\t\t\t\t\t\t<\/div>\n\t\t\t\t<\/div>\n\t\t\t\t<div class=\"elementor-element elementor-element-d73b2f6 elementor-align-center elementor-widget__width-initial elementor-widget elementor-widget-button\" data-id=\"d73b2f6\" data-element_type=\"widget\" data-e-type=\"widget\" data-widget_type=\"button.default\">\n\t\t\t\t<div class=\"elementor-widget-container\">\n\t\t\t\t\t\t\t\t\t<div class=\"elementor-button-wrapper\">\n\t\t\t\t\t<a class=\"elementor-button elementor-button-link elementor-size-sm elementor-animation-grow\" href=\"https:\/\/amaelle.life\/en\/support\/a-amaelle-life-supporter\/\">\n\t\t\t\t\t\t<span class=\"elementor-button-content-wrapper\">\n\t\t\t\t\t\t\t\t\t<span class=\"elementor-button-text\">59 kr<\/span>\n\t\t\t\t\t<\/span>\n\t\t\t\t\t<\/a>\n\t\t\t\t<\/div>\n\t\t\t\t\t\t\t\t<\/div>\n\t\t\t\t<\/div>\n\t\t\t\t<\/div>\n\t\t<div class=\"elementor-element elementor-element-8e7e673 e-con-full e-flex e-con e-child\" data-id=\"8e7e673\" data-element_type=\"container\" data-e-type=\"container\">\n\t\t\t\t<div class=\"elementor-element elementor-element-559b545 elementor-widget elementor-widget-image\" data-id=\"559b545\" data-element_type=\"widget\" data-e-type=\"widget\" data-widget_type=\"image.default\">\n\t\t\t\t<div class=\"elementor-widget-container\">\n\t\t\t\t\t\t\t\t\t\t\t\t\t\t\t<img decoding=\"async\" width=\"150\" height=\"150\" src=\"https:\/\/amaelle.life\/wp-content\/uploads\/2026\/03\/IMG_1871-150x150.jpeg\" class=\"attachment-thumbnail size-thumbnail wp-image-5879\" alt=\"\" srcset=\"https:\/\/amaelle.life\/wp-content\/uploads\/2026\/03\/IMG_1871-150x150.jpeg 150w, https:\/\/amaelle.life\/wp-content\/uploads\/2026\/03\/IMG_1871-300x300.jpeg 300w, https:\/\/amaelle.life\/wp-content\/uploads\/2026\/03\/IMG_1871-100x100.jpeg 100w\" sizes=\"(max-width: 150px) 100vw, 150px\" \/>\t\t\t\t\t\t\t\t\t\t\t\t\t\t\t<\/div>\n\t\t\t\t<\/div>\n\t\t\t\t<div class=\"elementor-element elementor-element-e9343e9 elementor-widget elementor-widget-text-editor\" data-id=\"e9343e9\" data-element_type=\"widget\" data-e-type=\"widget\" data-widget_type=\"text-editor.default\">\n\t\t\t\t<div class=\"elementor-widget-container\">\n\t\t\t\t\t\t\t\t\t<div class=\"wp-block-buttons\"><p><span style=\"font-family: var(--global-body-font-family);\">You are there and making it possible to create even more.<\/span><\/p><\/div>\t\t\t\t\t\t\t\t<\/div>\n\t\t\t\t<\/div>\n\t\t\t\t<div class=\"elementor-element elementor-element-6d10b1b elementor-align-center elementor-widget__width-initial elementor-widget elementor-widget-button\" data-id=\"6d10b1b\" data-element_type=\"widget\" data-e-type=\"widget\" data-widget_type=\"button.default\">\n\t\t\t\t<div class=\"elementor-widget-container\">\n\t\t\t\t\t\t\t\t\t<div class=\"elementor-button-wrapper\">\n\t\t\t\t\t<a class=\"elementor-button elementor-button-link elementor-size-sm elementor-animation-grow\" href=\"https:\/\/amaelle.life\/en\/support\/a-supersupporter-to-amaelle-life\/\">\n\t\t\t\t\t\t<span class=\"elementor-button-content-wrapper\">\n\t\t\t\t\t\t\t\t\t<span class=\"elementor-button-text\">99 kr<\/span>\n\t\t\t\t\t<\/span>\n\t\t\t\t\t<\/a>\n\t\t\t\t<\/div>\n\t\t\t\t\t\t\t\t<\/div>\n\t\t\t\t<\/div>\n\t\t\t\t<\/div>\n\t\t\t\t<\/div>\n\t\t\t\t\t<\/div>\n\t\t\t\t<\/div>\n\t\t<div class=\"elementor-element elementor-element-3fa725b e-flex e-con-boxed e-con e-parent\" data-id=\"3fa725b\" data-element_type=\"container\" data-e-type=\"container\">\n\t\t\t\t\t<div class=\"e-con-inner\">\n\t\t\t\t<div class=\"elementor-element elementor-element-dfeb7d7 elementor-widget elementor-widget-text-editor\" data-id=\"dfeb7d7\" data-element_type=\"widget\" data-e-type=\"widget\" data-widget_type=\"text-editor.default\">\n\t\t\t\t<div class=\"elementor-widget-container\">\n\t\t\t\t\t\t\t\t\t<p>Thank you for being here.<\/p><p>Maria<\/p><p>amaelle.life<\/p><p>\u2e3b<\/p>\t\t\t\t\t\t\t\t<\/div>\n\t\t\t\t<\/div>\n\t\t\t\t\t<\/div>\n\t\t\t\t<\/div>\n\t\t<div class=\"elementor-element elementor-element-d5a380f e-flex e-con-boxed e-con e-parent\" data-id=\"d5a380f\" data-element_type=\"container\" data-e-type=\"container\">\n\t\t\t\t\t<div class=\"e-con-inner\">\n\t\t<div class=\"elementor-element elementor-element-50ec30c e-con-full e-flex e-con e-child\" data-id=\"50ec30c\" data-element_type=\"container\" data-e-type=\"container\">\n\t\t<div class=\"elementor-element elementor-element-0c6def5 e-grid e-con-full e-con e-child\" data-id=\"0c6def5\" data-element_type=\"container\" data-e-type=\"container\">\n\t\t<div class=\"elementor-element elementor-element-734b447 e-con-full e-flex e-con e-child\" data-id=\"734b447\" data-element_type=\"container\" data-e-type=\"container\">\n\t\t\t\t<div class=\"elementor-element elementor-element-114a4fa elementor-widget elementor-widget-image\" data-id=\"114a4fa\" data-element_type=\"widget\" data-e-type=\"widget\" data-widget_type=\"image.default\">\n\t\t\t\t<div class=\"elementor-widget-container\">\n\t\t\t\t\t\t\t\t\t\t\t\t\t\t\t\t<a href=\"https:\/\/amaelle.life\/en\/day-monday\/\">\n\t\t\t\t\t\t\t<img loading=\"lazy\" decoding=\"async\" width=\"300\" height=\"296\" src=\"https:\/\/amaelle.life\/wp-content\/uploads\/2026\/01\/Veckodagssymboler-Amaelle-Life.zip-1-300x296.jpeg\" class=\"elementor-animation-float attachment-medium size-medium wp-image-698\" alt=\"Mumsig M\u00e5ndag \u2013 r\u00f6relse, cykling, segling, yoga och aktiv livsstil som del av Amaelle Life veckostruktur\" srcset=\"\" sizes=\"(max-width: 300px) 100vw, 300px\" data-srcset=\"\" \/>\t\t\t\t\t\t\t\t<\/a>\n\t\t\t\t\t\t\t\t\t\t\t\t\t\t\t<\/div>\n\t\t\t\t<\/div>\n\t\t\t\t<\/div>\n\t\t<div class=\"elementor-element elementor-element-5df9f41 e-con-full e-flex e-con e-child\" data-id=\"5df9f41\" data-element_type=\"container\" data-e-type=\"container\">\n\t\t\t\t<div class=\"elementor-element elementor-element-3711063 elementor-widget elementor-widget-image\" data-id=\"3711063\" data-element_type=\"widget\" data-e-type=\"widget\" data-widget_type=\"image.default\">\n\t\t\t\t<div class=\"elementor-widget-container\">\n\t\t\t\t\t\t\t\t\t\t\t\t\t\t\t\t<a href=\"https:\/\/amaelle.life\/en\/day-tuesday\/\">\n\t\t\t\t\t\t\t<img loading=\"lazy\" decoding=\"async\" width=\"300\" height=\"296\" src=\"https:\/\/amaelle.life\/wp-content\/uploads\/2026\/01\/Veckodagssymboler-Amaelle-Life.zip-2-300x296.jpeg\" class=\"elementor-animation-bounce-out attachment-medium size-medium wp-image-699\" alt=\"Trade Tisdag \u2013 trading, investeringar, ekonomi, aktier och affiliateinkomst i Amaelle Life\" srcset=\"\" sizes=\"(max-width: 300px) 100vw, 300px\" data-srcset=\"\" \/>\t\t\t\t\t\t\t\t<\/a>\n\t\t\t\t\t\t\t\t\t\t\t\t\t\t\t<\/div>\n\t\t\t\t<\/div>\n\t\t\t\t<\/div>\n\t\t<div class=\"elementor-element elementor-element-da2fb5e e-con-full e-flex e-con e-child\" data-id=\"da2fb5e\" data-element_type=\"container\" data-e-type=\"container\">\n\t\t\t\t<div class=\"elementor-element elementor-element-8bd0a2f elementor-widget elementor-widget-image\" data-id=\"8bd0a2f\" data-element_type=\"widget\" data-e-type=\"widget\" data-widget_type=\"image.default\">\n\t\t\t\t<div class=\"elementor-widget-container\">\n\t\t\t\t\t\t\t\t\t\t\t\t\t\t\t\t<a href=\"https:\/\/amaelle.life\/en\/day-wednesday\/\">\n\t\t\t\t\t\t\t<img loading=\"lazy\" decoding=\"async\" width=\"300\" height=\"296\" src=\"https:\/\/amaelle.life\/wp-content\/uploads\/2025\/07\/Veckodagssymboler-Amaelle-Life.zip-3-1-300x296.png\" class=\"elementor-animation-skew-forward attachment-medium size-medium wp-image-559\" alt=\"Otrolig Onsdag \u2013 raw food, h\u00e4lsa, n\u00e4ring, mat, r\u00f6relse och v\u00e4lm\u00e5ende i Amaelle Life\" srcset=\"https:\/\/amaelle.life\/wp-content\/uploads\/2025\/07\/Veckodagssymboler-Amaelle-Life.zip-3-1-300x296.png 300w, https:\/\/amaelle.life\/wp-content\/uploads\/2025\/07\/Veckodagssymboler-Amaelle-Life.zip-3-1-12x12.png 12w, https:\/\/amaelle.life\/wp-content\/uploads\/2025\/07\/Veckodagssymboler-Amaelle-Life.zip-3-1-600x592.png 600w, https:\/\/amaelle.life\/wp-content\/uploads\/2025\/07\/Veckodagssymboler-Amaelle-Life.zip-3-1-100x100.png 100w, https:\/\/amaelle.life\/wp-content\/uploads\/2025\/07\/Veckodagssymboler-Amaelle-Life.zip-3-1.png 760w\" sizes=\"(max-width: 300px) 100vw, 300px\" \/>\t\t\t\t\t\t\t\t<\/a>\n\t\t\t\t\t\t\t\t\t\t\t\t\t\t\t<\/div>\n\t\t\t\t<\/div>\n\t\t\t\t<\/div>\n\t\t<div class=\"elementor-element elementor-element-9768e1c e-con-full e-flex e-con e-child\" data-id=\"9768e1c\" data-element_type=\"container\" data-e-type=\"container\">\n\t\t\t\t<div class=\"elementor-element elementor-element-8692cf8 elementor-widget elementor-widget-image\" data-id=\"8692cf8\" data-element_type=\"widget\" data-e-type=\"widget\" data-widget_type=\"image.default\">\n\t\t\t\t<div class=\"elementor-widget-container\">\n\t\t\t\t\t\t\t\t\t\t\t\t\t\t\t\t<a href=\"https:\/\/amaelle.life\/en\/day-thursday\/\">\n\t\t\t\t\t\t\t<img loading=\"lazy\" decoding=\"async\" width=\"300\" height=\"300\" src=\"https:\/\/amaelle.life\/wp-content\/uploads\/2025\/07\/092BDB94-EB98-4713-93DA-B757357E12D7-1-300x300.png\" class=\"elementor-animation-pulse-grow attachment-medium size-medium wp-image-555\" alt=\"Tech Torsdag\" srcset=\"https:\/\/amaelle.life\/wp-content\/uploads\/2025\/07\/092BDB94-EB98-4713-93DA-B757357E12D7-1-300x300.png 300w, https:\/\/amaelle.life\/wp-content\/uploads\/2025\/07\/092BDB94-EB98-4713-93DA-B757357E12D7-1-150x150.png 150w, https:\/\/amaelle.life\/wp-content\/uploads\/2025\/07\/092BDB94-EB98-4713-93DA-B757357E12D7-1-768x768.png 768w, https:\/\/amaelle.life\/wp-content\/uploads\/2025\/07\/092BDB94-EB98-4713-93DA-B757357E12D7-1-12x12.png 12w, https:\/\/amaelle.life\/wp-content\/uploads\/2025\/07\/092BDB94-EB98-4713-93DA-B757357E12D7-1-600x600.png 600w, https:\/\/amaelle.life\/wp-content\/uploads\/2025\/07\/092BDB94-EB98-4713-93DA-B757357E12D7-1-100x100.png 100w, https:\/\/amaelle.life\/wp-content\/uploads\/2025\/07\/092BDB94-EB98-4713-93DA-B757357E12D7-1.png 1024w\" sizes=\"(max-width: 300px) 100vw, 300px\" \/>\t\t\t\t\t\t\t\t<\/a>\n\t\t\t\t\t\t\t\t\t\t\t\t\t\t\t<\/div>\n\t\t\t\t<\/div>\n\t\t\t\t<\/div>\n\t\t<div class=\"elementor-element elementor-element-0ea76b2 e-con-full e-flex e-con e-child\" data-id=\"0ea76b2\" data-element_type=\"container\" data-e-type=\"container\">\n\t\t\t\t<div class=\"elementor-element elementor-element-c0c1e86 elementor-widget elementor-widget-image\" data-id=\"c0c1e86\" data-element_type=\"widget\" data-e-type=\"widget\" data-widget_type=\"image.default\">\n\t\t\t\t<div class=\"elementor-widget-container\">\n\t\t\t\t\t\t\t\t\t\t\t\t\t\t\t\t<a href=\"https:\/\/amaelle.life\/en\/day-friday\/\">\n\t\t\t\t\t\t\t<img loading=\"lazy\" decoding=\"async\" width=\"300\" height=\"296\" src=\"https:\/\/amaelle.life\/wp-content\/uploads\/2026\/01\/Veckodagssymboler-Amaelle-Life.zip-10-300x296.png\" class=\"elementor-animation-wobble-bottom attachment-medium size-medium wp-image-703\" alt=\"Fri Fredag \u2013 resor, familj, hundliv, promenader, natur, frihet och vardagsgl\u00e4dje i Amaelle Life\" srcset=\"https:\/\/amaelle.life\/wp-content\/uploads\/2026\/01\/Veckodagssymboler-Amaelle-Life.zip-10-300x296.png 300w, https:\/\/amaelle.life\/wp-content\/uploads\/2026\/01\/Veckodagssymboler-Amaelle-Life.zip-10-12x12.png 12w, https:\/\/amaelle.life\/wp-content\/uploads\/2026\/01\/Veckodagssymboler-Amaelle-Life.zip-10-600x592.png 600w, https:\/\/amaelle.life\/wp-content\/uploads\/2026\/01\/Veckodagssymboler-Amaelle-Life.zip-10-100x100.png 100w, https:\/\/amaelle.life\/wp-content\/uploads\/2026\/01\/Veckodagssymboler-Amaelle-Life.zip-10.png 760w\" sizes=\"(max-width: 300px) 100vw, 300px\" \/>\t\t\t\t\t\t\t\t<\/a>\n\t\t\t\t\t\t\t\t\t\t\t\t\t\t\t<\/div>\n\t\t\t\t<\/div>\n\t\t\t\t<\/div>\n\t\t<div class=\"elementor-element elementor-element-973ad63 e-con-full e-flex e-con e-child\" data-id=\"973ad63\" data-element_type=\"container\" data-e-type=\"container\">\n\t\t\t\t<div class=\"elementor-element elementor-element-b1e9920 elementor-widget elementor-widget-image\" data-id=\"b1e9920\" data-element_type=\"widget\" data-e-type=\"widget\" data-widget_type=\"image.default\">\n\t\t\t\t<div class=\"elementor-widget-container\">\n\t\t\t\t\t\t\t\t\t\t\t\t\t\t\t\t<a href=\"https:\/\/amaelle.life\/en\/day-saturday\/\">\n\t\t\t\t\t\t\t<img loading=\"lazy\" decoding=\"async\" width=\"300\" height=\"296\" src=\"https:\/\/amaelle.life\/wp-content\/uploads\/2026\/01\/Veckodagssymboler-Amaelle-Life.zip-7-300x296.jpeg\" class=\"elementor-animation-sink attachment-medium size-medium wp-image-701\" alt=\"Lysande L\u00f6rdag \u2013 s\u00f6mnad, design, f\u00e4rg, m\u00f6nster och kreativt skapande i Amaelle Life\" srcset=\"https:\/\/amaelle.life\/wp-content\/uploads\/2026\/01\/Veckodagssymboler-Amaelle-Life.zip-7-300x296.jpeg 300w, https:\/\/amaelle.life\/wp-content\/uploads\/2026\/01\/Veckodagssymboler-Amaelle-Life.zip-7-12x12.jpeg 12w, https:\/\/amaelle.life\/wp-content\/uploads\/2026\/01\/Veckodagssymboler-Amaelle-Life.zip-7-600x592.jpeg 600w, https:\/\/amaelle.life\/wp-content\/uploads\/2026\/01\/Veckodagssymboler-Amaelle-Life.zip-7-100x100.jpeg 100w, https:\/\/amaelle.life\/wp-content\/uploads\/2026\/01\/Veckodagssymboler-Amaelle-Life.zip-7.jpeg 722w\" sizes=\"(max-width: 300px) 100vw, 300px\" \/>\t\t\t\t\t\t\t\t<\/a>\n\t\t\t\t\t\t\t\t\t\t\t\t\t\t\t<\/div>\n\t\t\t\t<\/div>\n\t\t\t\t<\/div>\n\t\t<div class=\"elementor-element elementor-element-3f1491e e-con-full e-flex e-con e-child\" data-id=\"3f1491e\" data-element_type=\"container\" data-e-type=\"container\">\n\t\t\t\t<div class=\"elementor-element elementor-element-947d1c4 elementor-widget elementor-widget-image\" data-id=\"947d1c4\" data-element_type=\"widget\" data-e-type=\"widget\" data-widget_type=\"image.default\">\n\t\t\t\t<div class=\"elementor-widget-container\">\n\t\t\t\t\t\t\t\t\t\t\t\t\t\t\t\t<a href=\"https:\/\/amaelle.life\/en\/day-sunday\/\">\n\t\t\t\t\t\t\t<img loading=\"lazy\" decoding=\"async\" width=\"300\" height=\"296\" src=\"https:\/\/amaelle.life\/wp-content\/uploads\/2025\/07\/Veckodagssymboler-Amaelle-Life.zip-8-1-300x296.png\" class=\"elementor-animation-skew-backward attachment-medium size-medium wp-image-557\" alt=\"Soft S\u00f6ndag \u2013 vila, \u00e5terh\u00e4mtning, reflektion och skrivande i Amaelle Life\" srcset=\"https:\/\/amaelle.life\/wp-content\/uploads\/2025\/07\/Veckodagssymboler-Amaelle-Life.zip-8-1-300x296.png 300w, https:\/\/amaelle.life\/wp-content\/uploads\/2025\/07\/Veckodagssymboler-Amaelle-Life.zip-8-1-12x12.png 12w, https:\/\/amaelle.life\/wp-content\/uploads\/2025\/07\/Veckodagssymboler-Amaelle-Life.zip-8-1-600x592.png 600w, https:\/\/amaelle.life\/wp-content\/uploads\/2025\/07\/Veckodagssymboler-Amaelle-Life.zip-8-1-100x100.png 100w, https:\/\/amaelle.life\/wp-content\/uploads\/2025\/07\/Veckodagssymboler-Amaelle-Life.zip-8-1-e1775321762958.png 380w\" sizes=\"(max-width: 300px) 100vw, 300px\" \/>\t\t\t\t\t\t\t\t<\/a>\n\t\t\t\t\t\t\t\t\t\t\t\t\t\t\t<\/div>\n\t\t\t\t<\/div>\n\t\t\t\t<\/div>\n\t\t\t\t<\/div>\n\t\t\t\t<\/div>\n\t\t\t\t\t<\/div>\n\t\t\t\t<\/div>\n\t\t<div class=\"elementor-element elementor-element-9c8039f e-flex e-con-boxed e-con e-parent\" data-id=\"9c8039f\" data-element_type=\"container\" data-e-type=\"container\">\n\t\t\t\t\t<div class=\"e-con-inner\">\n\t\t\t\t\t<\/div>\n\t\t\t\t<\/div>\n\t\t\t\t<\/div>","protected":false},"excerpt":{"rendered":"<p>\u2190 Tillbaka Vidare \u2192 Support Amaelle life Amaelle Life \u00e4r mitt kreativa universum p\u00e5 n\u00e4tet \u2013 med hundliv, recept, guider, id\u00e9er, teknik, skapande och sm\u00e5 vardags\u00e4ventyr. Allt jag delar h\u00e4r tar tid att skapa. Om du tycker om inneh\u00e5llet och vill att Amaelle Life ska forts\u00e4tta v\u00e4xa kan du st\u00f6dja arbetet h\u00e4r. Det \u00e4r helt&#8230;<\/p>","protected":false},"author":1,"featured_media":0,"parent":0,"menu_order":0,"comment_status":"closed","ping_status":"closed","template":"elementor_canvas","meta":{"_kad_post_transparent":"","_kad_post_title":"","_kad_post_layout":"","_kad_post_sidebar_id":"","_kad_post_content_style":"","_kad_post_vertical_padding":"","_kad_post_feature":"","_kad_post_feature_position":"","_kad_post_header":false,"_kad_post_footer":false,"_kad_post_classname":"","footnotes":""},"class_list":["post-5828","page","type-page","status-publish","hentry"],"jetpack_sharing_enabled":true,"_links":{"self":[{"href":"https:\/\/amaelle.life\/en\/wp-json\/wp\/v2\/pages\/5828","targetHints":{"allow":["GET"]}}],"collection":[{"href":"https:\/\/amaelle.life\/en\/wp-json\/wp\/v2\/pages"}],"about":[{"href":"https:\/\/amaelle.life\/en\/wp-json\/wp\/v2\/types\/page"}],"author":[{"embeddable":true,"href":"https:\/\/amaelle.life\/en\/wp-json\/wp\/v2\/users\/1"}],"replies":[{"embeddable":true,"href":"https:\/\/amaelle.life\/en\/wp-json\/wp\/v2\/comments?post=5828"}],"version-history":[{"count":74,"href":"https:\/\/amaelle.life\/en\/wp-json\/wp\/v2\/pages\/5828\/revisions"}],"predecessor-version":[{"id":6529,"href":"https:\/\/amaelle.life\/en\/wp-json\/wp\/v2\/pages\/5828\/revisions\/6529"}],"wp:attachment":[{"href":"https:\/\/amaelle.life\/en\/wp-json\/wp\/v2\/media?parent=5828"}],"curies":[{"name":"wp","href":"https:\/\/api.w.org\/{rel}","templated":true}]}}